{"id":22895,"date":"2021-10-21T11:43:52","date_gmt":"2021-10-21T09:43:52","guid":{"rendered":"https:\/\/divinebeauty.rs\/?page_id=22895"},"modified":"2025-05-26T12:34:42","modified_gmt":"2025-05-26T10:34:42","slug":"cenovnik","status":"publish","type":"page","link":"https:\/\/divinebeauty.rs\/en\/cenovnik\/","title":{"rendered":"Price list"},"content":{"rendered":"\t\t<div data-elementor-type=\"wp-page\" data-elementor-id=\"22895\" class=\"elementor elementor-22895\">\n\t\t\t\t\t\t<section class=\"elementor-section elementor-top-section elementor-element elementor-element-6ac5094 elementor-section-boxed elementor-section-height-default elementor-section-height-default\" data-id=\"6ac5094\" data-element_type=\"section\" data-e-type=\"section\" data-settings=\"{&quot;jet_parallax_layout_list&quot;:[{&quot;jet_parallax_layout_image&quot;:{&quot;url&quot;:&quot;&quot;,&quot;id&quot;:&quot;&quot;,&quot;size&quot;:&quot;&quot;},&quot;_id&quot;:&quot;cb8ad23&quot;,&quot;jet_parallax_layout_image_tablet&quot;:{&quot;url&quot;:&quot;&quot;,&quot;id&quot;:&quot;&quot;,&quot;size&quot;:&quot;&quot;},&quot;jet_parallax_layout_image_mobile&quot;:{&quot;url&quot;:&quot;&quot;,&quot;id&quot;:&quot;&quot;,&quot;size&quot;:&quot;&quot;},&quot;jet_parallax_layout_speed&quot;:{&quot;unit&quot;:&quot;%&quot;,&quot;size&quot;:50,&quot;sizes&quot;:[]},&quot;jet_parallax_layout_type&quot;:&quot;scroll&quot;,&quot;jet_parallax_layout_direction&quot;:&quot;1&quot;,&quot;jet_parallax_layout_fx_direction&quot;:null,&quot;jet_parallax_layout_z_index&quot;:&quot;&quot;,&quot;jet_parallax_layout_bg_x&quot;:50,&quot;jet_parallax_layout_bg_x_tablet&quot;:&quot;&quot;,&quot;jet_parallax_layout_bg_x_mobile&quot;:&quot;&quot;,&quot;jet_parallax_layout_bg_y&quot;:50,&quot;jet_parallax_layout_bg_y_tablet&quot;:&quot;&quot;,&quot;jet_parallax_layout_bg_y_mobile&quot;:&quot;&quot;,&quot;jet_parallax_layout_bg_size&quot;:&quot;auto&quot;,&quot;jet_parallax_layout_bg_size_tablet&quot;:&quot;&quot;,&quot;jet_parallax_layout_bg_size_mobile&quot;:&quot;&quot;,&quot;jet_parallax_layout_animation_prop&quot;:&quot;transform&quot;,&quot;jet_parallax_layout_on&quot;:[&quot;desktop&quot;,&quot;tablet&quot;]}]}\">\n\t\t\t\t\t\t<div class=\"elementor-container elementor-column-gap-default\">\n\t\t\t\t\t<div class=\"elementor-column elementor-col-100 elementor-top-column elementor-element elementor-element-c08cc61\" data-id=\"c08cc61\" data-element_type=\"column\" data-e-type=\"column\">\n\t\t\t<div class=\"elementor-widget-wrap elementor-element-populated\">\n\t\t\t\t\t\t<div class=\"elementor-element elementor-element-d561cab elementor-widget elementor-widget-text-editor\" data-id=\"d561cab\" data-element_type=\"widget\" data-e-type=\"widget\" data-widget_type=\"text-editor.default\">\n\t\t\t\t<div class=\"elementor-widget-container\">\n\t\t\t\t\t\t\t\t\t<h3>Tretmani nege lica<\/h3><p>\u2022 <a href=\"https:\/\/divinebeauty.rs\/purifying-higijenski-tretman\/\">Purifying higijenski tretman<\/a> \u2013 4.500\u2028<br \/>\u2022 <a href=\"https:\/\/divinebeauty.rs\/oxygen-tretman-kiseonikom\/\">Oxygen tretman<\/a> \u2013 4.500\u2028<br \/>\u2022 <a href=\"https:\/\/divinebeauty.rs\/diamond-clean-facial\/\">Diamond clean facial<\/a> \u2013 5.000\u2028<br \/>\u2022 Hydra clean \u2013 10.000\u2028<br \/>\u2022 Vitaminski tretman \u2013 4.500\u2028<br \/>\u2022 Mini tretman \u2013 3.500\u2028<br \/>\u2022 Mezopeel \u2013 6.000\u2028<br \/>\u2022 Antiage tretman peptidima ( Sothys ) \u2013 6.000\u2028<br \/>\u2022 Kolagen niti &#8211; 5.000<br \/>\u2022 Anti-age tretman lica za mu\u0161karce \u2013 4.500\u2028<br \/>\u2022 Hydra 3ha (Sothys ) \u2013 6.000<br \/>\u2022 Digi- esthetique masa\u017ea lica ampulom \u2013 2.500\u2028<br \/>\u2022 Fundametal treatment for man \u2013 4.500\u2028<br \/>\u2022 Biolo\u0161ki piling \u201e kaktus \u201c \u2013 6.000\u2028<br \/>\u2022 Mikrodermoabrazija dijamantskim glavama \u2013 4200\u2028<br \/>\u2022 Biorepeel \u2013 7.200\u2028<br \/>\u2022 PRX \u2013 T33 tretman \u2013 7.000\u2028<br \/>\u2022 <a href=\"https:\/\/divinebeauty.rs\/pink-aging-tretman\/\" target=\"_blank\" rel=\"noopener\">Pink Aging tretman<\/a> \u2013 24.000\u2028<br \/>\u2022 Ultrazvu\u010dna \u0161patula \u2013 3.000\u2028<br \/>\u2022 Mezoporacija \u2013 4.200\u2028<br \/>\u2022 Tretman za akne Sothys \u2013 4.200<br \/>\u2022 Resurfacing peeling tretman Sothys \u2013 4.800<br \/>\u2022 Tretman regije oko o\u010diju &#8211; 3.000<br \/>\u2022 Rtl lica 4.200<br \/>\u2022 Forever atnitage tretman 6.000<br \/>\u2022 Mezopeel 4.900<br \/>\u2022 Secret de Sothys 12.000<br \/>\u2022 Sothys blagi hemijski piling 3.000<\/p><ul><li><strong>Velashape\/ oblikovanje i podizanje tonusa lica i okoloocne regije cena po tretmanu 4.000, cena za paket od 10 tretmana 28.000<\/strong><\/li><\/ul><h3>Mezoterapija ( Derma pen )<\/h3><p>\u2022 Mezoterapija ( Derma pen ) \u2013 od 8.500\u2028<br \/>\u2022 Cure pen 16000<\/p><h3>Masa\u017ea<\/h3><p>\u2022 Relax parcijalna \u2013 1.500\u2028<br \/>\u2022 Relax 60 \u2018 \u2013 3.000\u2028<br \/>\u2022 Deep relax 90 \u2018 \u2013 4.000\u2028<br \/>\u2022 Piling tela sa masa\u017eom \u2013 4.500\u2028<br \/>\u2022 Masaza vulkaniskim kamenjem 4.500<\/p><h3>Pedikir i Manikir<\/h3><p>\u2022 Lakiranje uz pedikir \u2013 500\u2028<br \/>\u2022 Spa dodatak \u2013 piling, masa\u017ea, pakovanje \u2013 1.000\u2028<br \/>\u2022 Gel lak noge \u2013 900\u2028<br \/>\u2022 Spa manikir \u2013 800\u2028<br \/>\u2022 Lakiranje i oblikovanje noktiju \u2013 800\u2028<br \/>\u2022 Gel lak ruke \u2013 1.000\u2028<br \/>\u2022 Manikir i gel lak \u2013 1.500\u2028<br \/>\u2022 Pedikir \u2013 1.500<\/p><h3>Depilacija ( \u017eene )<\/h3><p>\u2022 Depilacija celih nogu \u2013 1.200\u2028<br \/>\u2022 Depilacija ruku \u2013 900\u2028<br \/>\u2022 Depilacija prepona \u2013 800\u2028<br \/>\u2022 Depilacija brazilka \u2013 1.200\u2028<br \/>\u2022 Depilacija cele noge i brazilka \u2013 2.000\u2028<br \/>\u2022 Depilacija nausnica \u2013 500\u2028<br \/>\u2022 Depilacija stomak, pazuh, le\u0111a po regiji \u2013 700\u2028<br \/>\u2022 Depilacija lice i brada \u2013 600\u2028<br \/>\u2022 Depilacija oblikovanja obrva \u2013 500\u2028<\/p><h3>Depilacija ( mu\u0161karci )<\/h3><p>\u2022 Depilacija grudi \u2013 800\u2028<br \/>\u2022 Depilacija stomak \u2013 600\u2028<br \/>\u2022 Depilacija le\u0111a \u2013 1.200\u2028<br \/>\u2022 Depilacija noge \u2013 1.500\u2028<br \/>\u2022 Depilacija ruke \u2013 1.100\u2028<br \/>\u2022 Depilacija lice i brada \u2013 600\u2028<br \/>\u2022 Depilacija intima \u2013 1.400\u2028<\/p><h3>Depilacija \u0161e\u0107ernom pastom ( \u017eene )<\/h3><p>\u2022 Depilacija nogu \u2013 2.900\u2028<br \/>\u2022 Depilacija pola nogu \u2013 1.900\u2028<br \/>\u2022 Depilacija ruke \u2013 1.850\u2028<br \/>\u2022 Depilacija nausnice \u2013 800\u2028<br \/>\u2022 Depilacija brazilka \u2013 2.000\u2028<br \/>\u2022 Depilacija plitke prepone \u2013 1.200\u2028<br \/>\u2022 Depilacija duboke prepone \u2013 1.500\u2028<br \/>\u2022 Depilacija linije stomaka \u2013 1.200\u2028<\/p><h3>Depilacija \u0161e\u0107ernom pastom ( mu\u0161karci )<\/h3><p>\u2022 Depilacija ramena \u2013 800\u2028<br \/>\u2022 Depilacija stomak \u2013 2.200\u2028<br \/>\u2022 Depilacija grudi \u2013 2.500\u2028<br \/>\u2022 Depilacija noge \u2013 4.100\u2028<br \/>\u2022 Depilacija ruke \u2013 2.850\u2028<\/p><h3>Tretmani tela<\/h3><p>\u2022 Body sculpt \u2013 150\u00a0\u00a0\u20ac ( 1 tretman)\u2028<br \/>250 \u00a0\u20ac ( 2 tretmana )<br \/>280 \u00a0\u20ac ( 3 tretmana )<br \/>350 \u00a0\u20ac ( 4 tretmana )<br \/>\u2022 Recovery pantalone \u2013 2.000 ( po tetmanu )\u2028<br \/>8000 ( 5 tretmana )<br \/>\u2022 Kavitacija \u2013 3.500 ( po tretmanu )\u2028<br \/>15000 ( 5 tretmana )<br \/>\u2022 Rtl zatezanje ko\u017ee tela \u2013 4.200 ( po tretmanu )\u2028<br \/>18000 ( 5 tretmana )<br \/>\u2022 Rtl zatezanje ko\u017ee lica \u2013 4.200 ( po tretmanu )\u2028<br \/>18000 ( 5 tretmana )<br \/>\u2022 Maderoterapija \u2013 1.500 ( po tretmanu )\u2028<br \/>10000 ( 10 tretmana )<br \/>\u2022 Block and Shock tretman \u2013 30.000\u2028<\/p><h4>Vela shape tretmani<\/h4><ul><li>Butine i gluteus 6.000, 10 tretmana 42.000<\/li><li>Stomak 4.000, 10 tretmana 28.000<\/li><li>Nadkolenice 4.000, 10 tretmana 28.000<\/li><li>Nadlaktice 4.000, 10 tretmana 28.000<\/li><\/ul><h4>Paket Full body shape&amp;slim 115.000<\/h4><ul><li>Dubinska kavitacija 10 tretmana<\/li><li>Vela shape 10 tretmana<\/li><li>Presoterapija 10 tretmana<\/li><\/ul><h4>Paket Body shape and celulit block 110.000<\/h4><ul><li>Vela shape 10 tretmana<\/li><li>Body sculpt 5 tretmana<\/li><li>Presoterapija 10 tretmana<\/li><\/ul><h3>Epilacija diodnim laserom ( \u017eene )<\/h3><p>Cena se odnosi na paket od 5 tretmana<br \/>\u2013 celo telo 60.000<br \/>\u2013 nausnice 5.000<br \/>\u2028\u2013 brada 5.000\u2028<br \/>\u2013 celo lice 15.000\u2028<br \/>\u2013 obrazi 5.000<br \/>\u2028\u2013 podbradak 6.000<br \/>\u2028\u2013 podbradak i brada 8.000<br \/>\u2028\u2013 vrat prednji deo 8.000\u2028<br \/>\u2013 podlaktice 8.000\u2028<br \/>\u2013 nadlaktice 8.000<br \/>\u2028\u2013 cele ruke 16.000\u2028<br \/>\u2013 pazuh 12.000<br \/>\u2028\u2013 linije stomaka 5.000\u2028<br \/>\u2013 bradavice 5.000<br \/>\u2028\u2013 ceo stomak 15.000\u2028<br \/>\u2013 prepone 15.000\u2028<br \/>\u2013 bikini stidne regije 18.000<br \/>\u2028\u2013 donji deo nogu 18.000<br \/>\u2028\u2013 gornji deo nogu 18.000<br \/>\u2028\u2013 cele noge 36.000<\/p><h3>Epilacija diodnim laserom ( mu\u0161karci )<\/h3><p>Cena se odnosi na paket od 5 tretmana<br \/>\u2028\u2013 celo telo 80.000<br \/>\u2028\u2013 u\u0161i 6.000<br \/>\u2028\u2013 brada i prednji deo vrata 15.000\u2028<br \/>\u2013 celo lice 20.000<br \/>\u2028\u2013 celo lice i vrat 25.000\u2028<br \/>\u2013 jagodice 8.000\u2028<br \/>\u2013 podbradak 10.000<br \/>\u2028\u2013 prednji deo vrata 12.000<br \/>\u2028\u2013 zadnj i deo vrata 10.000<br \/>\u2028\u2013 zulufi 8.000<br \/>\u2028\u2013 cele ruke 25.000\u2028<br \/>\u2013 pazuh 15.000<br \/>\u2028\u2013 bradavice 5.000<br \/>\u2013 grudi 15.000<br \/>\u2028\u2013 ceo stomak 20.000<br \/>\u2028\u2013 prepone 12.000<br \/>\u2028\u2013 bikini zona 20.000<br \/>\u2028\u2013 pola nogu 25.000\u2028<br \/>\u2013 cele noge 45.000<br \/>\u2028\u2013 cele noge i plitke prepone 50.000<br \/>\u2028\u2013 donji deo le\u0111a 20.000<br \/>\u2028\u2013 gornji deo le\u0111a 20.000\u2028<br \/>\u2013 cela le\u0111a 30.000<\/p>\t\t\t\t\t\t\t\t<\/div>\n\t\t\t\t<\/div>\n\t\t\t\t\t<\/div>\n\t\t<\/div>\n\t\t\t\t\t<\/div>\n\t\t<\/section>\n\t\t<div class=\"elementor-element elementor-element-c32c7ef e-flex e-con-boxed e-con e-parent\" data-id=\"c32c7ef\" data-element_type=\"container\" data-e-type=\"container\" data-settings=\"{&quot;jet_parallax_layout_list&quot;:[]}\">\n\t\t\t\t\t<div class=\"e-con-inner\">\n\t\t\t\t\t<\/div>\n\t\t\t\t<\/div>\n\t\t<div class=\"elementor-element elementor-element-c7c5db0 e-flex e-con-boxed e-con e-parent\" data-id=\"c7c5db0\" data-element_type=\"container\" data-e-type=\"container\" data-settings=\"{&quot;jet_parallax_layout_list&quot;:[]}\">\n\t\t\t\t\t<div class=\"e-con-inner\">\n\t\t\t\t<div class=\"elementor-element elementor-element-fdffb34 elementor-widget elementor-widget-text-editor\" data-id=\"fdffb34\" data-element_type=\"widget\" data-e-type=\"widget\" data-widget_type=\"text-editor.default\">\n\t\t\t\t<div class=\"elementor-widget-container\">\n\t\t\t\t\t\t\t\t\t<p>Cenovnik<\/p><p>Ovo je zvani\u010dan cenovnik <a href=\"https:\/\/www.facebook.com\/search\/top?q=divine%20beauty%20studio\" target=\"_blank\" rel=\"noopener\">Divine beauty studio<\/a>.<br \/>Za vi\u0161e informacija slobodno <a href=\"https:\/\/divinebeauty.rs\/kontakt\/\">nas pozovite.<\/a><\/p>\t\t\t\t\t\t\t\t<\/div>\n\t\t\t\t<\/div>\n\t\t\t\t\t<\/div>\n\t\t\t\t<\/div>\n\t\t\t\t<\/div>\n\t\t","protected":false},"excerpt":{"rendered":"<p>Tretmani nege lica \u2022 Purifying higijenski tretman \u2013 4.500\u2028\u2022 Oxygen tretman \u2013 4.500\u2028\u2022 Diamond clean facial \u2013 5.000\u2028\u2022 Hydra clean \u2013 10.000\u2028\u2022 Vitaminski tretman \u2013 4.500\u2028\u2022 Mini tretman \u2013 3.500\u2028\u2022 Mezopeel \u2013 6.000\u2028\u2022 Antiage tretman peptidima ( Sothys ) \u2013 6.000\u2028\u2022 Kolagen niti &#8211; 5.000\u2022 Anti-age tretman lica za mu\u0161karce \u2013 4.500\u2028\u2022 Hydra 3ha (Sothys [&hellip;]<\/p>\n","protected":false},"author":1,"featured_media":22444,"parent":0,"menu_order":0,"comment_status":"closed","ping_status":"closed","template":"","meta":{"footnotes":""},"class_list":["post-22895","page","type-page","status-publish","has-post-thumbnail","hentry"],"yoast_head":"<!-- This site is optimized with the Yoast SEO plugin v27.3 - https:\/\/yoast.com\/product\/yoast-seo-wordpress\/ -->\n<title>CENOVNIK - Divine beauty studio Novi Sad<\/title>\n<meta name=\"description\" content=\"CENOVNIK\" \/>\n<meta name=\"robots\" content=\"index, follow, max-snippet:-1, max-image-preview:large, max-video-preview:-1\" \/>\n<link rel=\"canonical\" href=\"https:\/\/divinebeauty.rs\/en\/cenovnik\/\" \/>\n<meta property=\"og:locale\" content=\"en_GB\" \/>\n<meta property=\"og:type\" content=\"article\" \/>\n<meta property=\"og:title\" content=\"CENOVNIK - Divine beauty studio Novi Sad\" \/>\n<meta property=\"og:description\" content=\"CENOVNIK\" \/>\n<meta property=\"og:url\" content=\"https:\/\/divinebeauty.rs\/en\/cenovnik\/\" \/>\n<meta property=\"og:site_name\" content=\"Divine beauty studio Novi Sad\" \/>\n<meta property=\"article:modified_time\" content=\"2025-05-26T10:34:42+00:00\" \/>\n<meta property=\"og:image\" content=\"https:\/\/divinebeauty.rs\/wp-content\/uploads\/2021\/10\/cropped-logoDIVINE-1.png\" \/>\n\t<meta property=\"og:image:width\" content=\"512\" \/>\n\t<meta property=\"og:image:height\" content=\"512\" \/>\n\t<meta property=\"og:image:type\" content=\"image\/png\" \/>\n<meta name=\"twitter:card\" content=\"summary_large_image\" \/>\n<meta name=\"twitter:label1\" content=\"Estimated reading time\" \/>\n\t<meta name=\"twitter:data1\" content=\"4 minutes\" \/>\n<script type=\"application\/ld+json\" class=\"yoast-schema-graph\">{\"@context\":\"https:\\\/\\\/schema.org\",\"@graph\":[{\"@type\":\"WebPage\",\"@id\":\"https:\\\/\\\/divinebeauty.rs\\\/cenovnik\\\/\",\"url\":\"https:\\\/\\\/divinebeauty.rs\\\/cenovnik\\\/\",\"name\":\"CENOVNIK - Divine beauty studio Novi Sad\",\"isPartOf\":{\"@id\":\"https:\\\/\\\/divinebeauty.rs\\\/#website\"},\"primaryImageOfPage\":{\"@id\":\"https:\\\/\\\/divinebeauty.rs\\\/cenovnik\\\/#primaryimage\"},\"image\":{\"@id\":\"https:\\\/\\\/divinebeauty.rs\\\/cenovnik\\\/#primaryimage\"},\"thumbnailUrl\":\"https:\\\/\\\/divinebeauty.rs\\\/wp-content\\\/uploads\\\/2021\\\/10\\\/cropped-logoDIVINE-1.png\",\"datePublished\":\"2021-10-21T09:43:52+00:00\",\"dateModified\":\"2025-05-26T10:34:42+00:00\",\"description\":\"CENOVNIK\",\"breadcrumb\":{\"@id\":\"https:\\\/\\\/divinebeauty.rs\\\/cenovnik\\\/#breadcrumb\"},\"inLanguage\":\"en-GB\",\"potentialAction\":[{\"@type\":\"ReadAction\",\"target\":[\"https:\\\/\\\/divinebeauty.rs\\\/cenovnik\\\/\"]}]},{\"@type\":\"ImageObject\",\"inLanguage\":\"en-GB\",\"@id\":\"https:\\\/\\\/divinebeauty.rs\\\/cenovnik\\\/#primaryimage\",\"url\":\"https:\\\/\\\/divinebeauty.rs\\\/wp-content\\\/uploads\\\/2021\\\/10\\\/cropped-logoDIVINE-1.png\",\"contentUrl\":\"https:\\\/\\\/divinebeauty.rs\\\/wp-content\\\/uploads\\\/2021\\\/10\\\/cropped-logoDIVINE-1.png\",\"width\":512,\"height\":512,\"caption\":\"Cenovnik\"},{\"@type\":\"BreadcrumbList\",\"@id\":\"https:\\\/\\\/divinebeauty.rs\\\/cenovnik\\\/#breadcrumb\",\"itemListElement\":[{\"@type\":\"ListItem\",\"position\":1,\"name\":\"Po\u010detna\",\"item\":\"https:\\\/\\\/divinebeauty.rs\\\/\"},{\"@type\":\"ListItem\",\"position\":2,\"name\":\"CENOVNIK\"}]},{\"@type\":\"WebSite\",\"@id\":\"https:\\\/\\\/divinebeauty.rs\\\/#website\",\"url\":\"https:\\\/\\\/divinebeauty.rs\\\/\",\"name\":\"Divine beauty studio Novi Sad\",\"description\":\"Studio lepote, nega lica, tela i kozmati\u010dki tretmani\",\"publisher\":{\"@id\":\"https:\\\/\\\/divinebeauty.rs\\\/#\\\/schema\\\/person\\\/eecfba0e62ebb27e022ce9a7c8de6e7a\"},\"potentialAction\":[{\"@type\":\"SearchAction\",\"target\":{\"@type\":\"EntryPoint\",\"urlTemplate\":\"https:\\\/\\\/divinebeauty.rs\\\/?s={search_term_string}\"},\"query-input\":{\"@type\":\"PropertyValueSpecification\",\"valueRequired\":true,\"valueName\":\"search_term_string\"}}],\"inLanguage\":\"en-GB\"},{\"@type\":[\"Person\",\"Organization\"],\"@id\":\"https:\\\/\\\/divinebeauty.rs\\\/#\\\/schema\\\/person\\\/eecfba0e62ebb27e022ce9a7c8de6e7a\",\"name\":\"Milan\",\"image\":{\"@type\":\"ImageObject\",\"inLanguage\":\"en-GB\",\"@id\":\"https:\\\/\\\/secure.gravatar.com\\\/avatar\\\/9c32f6ef9a06a600235c98b2b89555b312402b3d0cc4b93aca9f95f4961cab6c?s=96&d=initials&r=g&initials=ra\",\"url\":\"https:\\\/\\\/secure.gravatar.com\\\/avatar\\\/9c32f6ef9a06a600235c98b2b89555b312402b3d0cc4b93aca9f95f4961cab6c?s=96&d=initials&r=g&initials=ra\",\"contentUrl\":\"https:\\\/\\\/secure.gravatar.com\\\/avatar\\\/9c32f6ef9a06a600235c98b2b89555b312402b3d0cc4b93aca9f95f4961cab6c?s=96&d=initials&r=g&initials=ra\",\"caption\":\"Milan\"},\"logo\":{\"@id\":\"https:\\\/\\\/secure.gravatar.com\\\/avatar\\\/9c32f6ef9a06a600235c98b2b89555b312402b3d0cc4b93aca9f95f4961cab6c?s=96&d=initials&r=g&initials=ra\"},\"sameAs\":[\"https:\\\/\\\/divinebeauty.rs\"]}]}<\/script>\n<!-- \/ Yoast SEO plugin. -->","yoast_head_json":{"title":"CENOVNIK - Divine beauty studio Novi Sad","description":"Price list","robots":{"index":"index","follow":"follow","max-snippet":"max-snippet:-1","max-image-preview":"max-image-preview:large","max-video-preview":"max-video-preview:-1"},"canonical":"https:\/\/divinebeauty.rs\/en\/cenovnik\/","og_locale":"en_GB","og_type":"article","og_title":"CENOVNIK - Divine beauty studio Novi Sad","og_description":"CENOVNIK","og_url":"https:\/\/divinebeauty.rs\/en\/cenovnik\/","og_site_name":"Divine beauty studio Novi Sad","article_modified_time":"2025-05-26T10:34:42+00:00","og_image":[{"width":512,"height":512,"url":"https:\/\/divinebeauty.rs\/wp-content\/uploads\/2021\/10\/cropped-logoDIVINE-1.png","type":"image\/png"}],"twitter_card":"summary_large_image","twitter_misc":{"Estimated reading time":"4 minutes"},"schema":{"@context":"https:\/\/schema.org","@graph":[{"@type":"WebPage","@id":"https:\/\/divinebeauty.rs\/cenovnik\/","url":"https:\/\/divinebeauty.rs\/cenovnik\/","name":"CENOVNIK - Divine beauty studio Novi Sad","isPartOf":{"@id":"https:\/\/divinebeauty.rs\/#website"},"primaryImageOfPage":{"@id":"https:\/\/divinebeauty.rs\/cenovnik\/#primaryimage"},"image":{"@id":"https:\/\/divinebeauty.rs\/cenovnik\/#primaryimage"},"thumbnailUrl":"https:\/\/divinebeauty.rs\/wp-content\/uploads\/2021\/10\/cropped-logoDIVINE-1.png","datePublished":"2021-10-21T09:43:52+00:00","dateModified":"2025-05-26T10:34:42+00:00","description":"Price list","breadcrumb":{"@id":"https:\/\/divinebeauty.rs\/cenovnik\/#breadcrumb"},"inLanguage":"en-GB","potentialAction":[{"@type":"ReadAction","target":["https:\/\/divinebeauty.rs\/cenovnik\/"]}]},{"@type":"ImageObject","inLanguage":"en-GB","@id":"https:\/\/divinebeauty.rs\/cenovnik\/#primaryimage","url":"https:\/\/divinebeauty.rs\/wp-content\/uploads\/2021\/10\/cropped-logoDIVINE-1.png","contentUrl":"https:\/\/divinebeauty.rs\/wp-content\/uploads\/2021\/10\/cropped-logoDIVINE-1.png","width":512,"height":512,"caption":"Cenovnik"},{"@type":"BreadcrumbList","@id":"https:\/\/divinebeauty.rs\/cenovnik\/#breadcrumb","itemListElement":[{"@type":"ListItem","position":1,"name":"Po\u010detna","item":"https:\/\/divinebeauty.rs\/"},{"@type":"ListItem","position":2,"name":"CENOVNIK"}]},{"@type":"WebSite","@id":"https:\/\/divinebeauty.rs\/#website","url":"https:\/\/divinebeauty.rs\/","name":"Divine beauty studio Novi Sad","description":"Studio lepote, nega lica, tela i kozmati\u010dki tretmani","publisher":{"@id":"https:\/\/divinebeauty.rs\/#\/schema\/person\/eecfba0e62ebb27e022ce9a7c8de6e7a"},"potentialAction":[{"@type":"SearchAction","target":{"@type":"EntryPoint","urlTemplate":"https:\/\/divinebeauty.rs\/?s={search_term_string}"},"query-input":{"@type":"PropertyValueSpecification","valueRequired":true,"valueName":"search_term_string"}}],"inLanguage":"en-GB"},{"@type":["Person","Organization"],"@id":"https:\/\/divinebeauty.rs\/#\/schema\/person\/eecfba0e62ebb27e022ce9a7c8de6e7a","name":"Milan","image":{"@type":"ImageObject","inLanguage":"en-GB","@id":"https:\/\/secure.gravatar.com\/avatar\/9c32f6ef9a06a600235c98b2b89555b312402b3d0cc4b93aca9f95f4961cab6c?s=96&d=initials&r=g&initials=ra","url":"https:\/\/secure.gravatar.com\/avatar\/9c32f6ef9a06a600235c98b2b89555b312402b3d0cc4b93aca9f95f4961cab6c?s=96&d=initials&r=g&initials=ra","contentUrl":"https:\/\/secure.gravatar.com\/avatar\/9c32f6ef9a06a600235c98b2b89555b312402b3d0cc4b93aca9f95f4961cab6c?s=96&d=initials&r=g&initials=ra","caption":"Milan"},"logo":{"@id":"https:\/\/secure.gravatar.com\/avatar\/9c32f6ef9a06a600235c98b2b89555b312402b3d0cc4b93aca9f95f4961cab6c?s=96&d=initials&r=g&initials=ra"},"sameAs":["https:\/\/divinebeauty.rs"]}]}},"brizy_media":[],"_links":{"self":[{"href":"https:\/\/divinebeauty.rs\/en\/wp-json\/wp\/v2\/pages\/22895","targetHints":{"allow":["GET"]}}],"collection":[{"href":"https:\/\/divinebeauty.rs\/en\/wp-json\/wp\/v2\/pages"}],"about":[{"href":"https:\/\/divinebeauty.rs\/en\/wp-json\/wp\/v2\/types\/page"}],"author":[{"embeddable":true,"href":"https:\/\/divinebeauty.rs\/en\/wp-json\/wp\/v2\/users\/1"}],"replies":[{"embeddable":true,"href":"https:\/\/divinebeauty.rs\/en\/wp-json\/wp\/v2\/comments?post=22895"}],"version-history":[{"count":139,"href":"https:\/\/divinebeauty.rs\/en\/wp-json\/wp\/v2\/pages\/22895\/revisions"}],"predecessor-version":[{"id":25175,"href":"https:\/\/divinebeauty.rs\/en\/wp-json\/wp\/v2\/pages\/22895\/revisions\/25175"}],"wp:featuredmedia":[{"embeddable":true,"href":"https:\/\/divinebeauty.rs\/en\/wp-json\/wp\/v2\/media\/22444"}],"wp:attachment":[{"href":"https:\/\/divinebeauty.rs\/en\/wp-json\/wp\/v2\/media?parent=22895"}],"curies":[{"name":"wp","href":"https:\/\/api.w.org\/{rel}","templated":true}]}}